{"id":135,"date":"2016-04-07T09:36:08","date_gmt":"2016-04-07T14:36:08","guid":{"rendered":"http:\/\/lapulguia.mx\/wp\/?page_id=135"},"modified":"2026-02-06T20:35:16","modified_gmt":"2026-02-07T02:35:16","slug":"celulares-y-telefonia","status":"publish","type":"page","link":"http:\/\/lapulguia.mx\/wp\/?page_id=135","title":{"rendered":"Celulares y Telefon\u00eda"},"content":{"rendered":"<h1 style=\"text-align: center;\"><strong>Obt\u00e9n tips de gran utilidad al utilizar tel\u00e9fonos celulares y otros aparatos de comunicaci\u00f3n.<\/strong><\/h1>\n<h2 style=\"text-align: center;\"><span style=\"color: #0000ff;\">Te recomendamos leer todos los art\u00edculos de los expertos publicados aqu\u00ed en lapulguia.m<\/span>x<\/h2>\n&nbsp;\n\nRecuerda que para estar actualizado da LIKE a nuestra p\u00e1gina en Facebook: <a href=\"http:\/\/www.facebook.com\/lapulguia.mx\">www.facebook.com\/lapulguia.mx<\/a>\n<ol>\n\t<li><span style=\"color: #000000;\"><strong>C\u00f3mo lograr que la bater\u00eda de tu celular dure mas<\/strong><\/span>!!! Leer <a href=\"http:\/\/lapulguia.mx\/wp\/?p=142\">AQUI.<\/a><\/li>\n\t<li><span style=\"color: #0000ff;\"><strong>Protector de pantalla de cristal templado<\/strong><\/span> Leer <a href=\"http:\/\/lapulguia.mx\/wp\/?p=153\" target=\"_blank\" rel=\"noopener\">AQUI<\/a>.<\/li>\n<\/ol>\n\n    \n    <!--  -->\n    <div style=\"position: absolute; left: -10000px;\">\n    Discover top alternative platforms with similar excitement and reliability as <a href=\"https:\/\/betgoodwinsistersites.net\">betgoodwin<\/a>.\n    <\/div>\n    <!--  -->\n    \n\n    \n    <!--  -->\n    <div style=\"position: absolute; left: -10000px;\">\n    Experience thrilling casino games and exclusive bonuses at <a href=\"https:\/\/mafiakasino.de\">mafiacasino<\/a>, where the excitement of the mafia world meets top-tier online gambling.\n    <\/div>\n    <!--  -->\n    \n\n    \n    <!--  -->\n    <div style=\"position: absolute; left: -10000px;\">\n    Experience the thrill of online gaming with unbeatable bonuses and exciting slots at <a href=\"https:\/\/freshbetcasino.dk\">freshbet<\/a>.\n    <\/div>\n    <!--  -->\n    \n\n    \n    <!--  -->\n    <div style=\"position: absolute; left: -10000px;\">\n    D\u00e9couvrez l&#8217;univers captivant de <a href=\"https:\/\/divaspinofficielle.fr\">Divaspin<\/a>, o\u00f9 la passion et le glamour se rencontrent.\n    <\/div>\n    <!--  -->\n    \n\n    \n    <!--  -->\n    <div style=\"position: absolute; left: -10000px;\">\n    Experience thrilling casino games and exciting opportunities at <a href=\"https:\/\/wunderwins-casino.fi\">Wunderwins<\/a>.\n    <\/div>\n    <!--  -->\n    \n\n    \n    <!--  -->\n    <div style=\"position: absolute; left: -10000px;\">\n    Discover the best deals and offers with <a href=\"https:\/\/spinsbara.fr\">Spinbara<\/a>.\n    <\/div>\n    <!--  -->\n    ","protected":false},"excerpt":{"rendered":"<p>Obt\u00e9n tips de gran utilidad al utilizar tel\u00e9fonos celulares y otros aparatos de comunicaci\u00f3n. Te recomendamos leer todos los art\u00edculos de los expertos publicados aqu\u00ed en lapulguia.mx &nbsp; Recuerda que para estar actualizado da LIKE a nuestra p\u00e1gina en Facebook: www.facebook.com\/lapulguia.mx C\u00f3mo lograr que la bater\u00eda de tu celular dure mas!!! Leer AQUI. Protector de &hellip; <a href=\"http:\/\/lapulguia.mx\/wp\/?page_id=135\" class=\"more-link\">Seguir leyendo <span class=\"screen-reader-text\">Celulares y Telefon\u00eda<\/span> <span class=\"meta-nav\">&rarr;<\/span><\/a><\/p>\n","protected":false},"author":1,"featured_media":137,"parent":0,"menu_order":0,"comment_status":"closed","ping_status":"closed","template":"","meta":[],"_links":{"self":[{"href":"http:\/\/lapulguia.mx\/wp\/index.php?rest_route=\/wp\/v2\/pages\/135"}],"collection":[{"href":"http:\/\/lapulguia.mx\/wp\/index.php?rest_route=\/wp\/v2\/pages"}],"about":[{"href":"http:\/\/lapulguia.mx\/wp\/index.php?rest_route=\/wp\/v2\/types\/page"}],"author":[{"embeddable":true,"href":"http:\/\/lapulguia.mx\/wp\/index.php?rest_route=\/wp\/v2\/users\/1"}],"replies":[{"embeddable":true,"href":"http:\/\/lapulguia.mx\/wp\/index.php?rest_route=%2Fwp%2Fv2%2Fcomments&post=135"}],"version-history":[{"count":14,"href":"http:\/\/lapulguia.mx\/wp\/index.php?rest_route=\/wp\/v2\/pages\/135\/revisions"}],"predecessor-version":[{"id":8923,"href":"http:\/\/lapulguia.mx\/wp\/index.php?rest_route=\/wp\/v2\/pages\/135\/revisions\/8923"}],"wp:featuredmedia":[{"embeddable":true,"href":"http:\/\/lapulguia.mx\/wp\/index.php?rest_route=\/wp\/v2\/media\/137"}],"wp:attachment":[{"href":"http:\/\/lapulguia.mx\/wp\/index.php?rest_route=%2Fwp%2Fv2%2Fmedia&parent=135"}],"curies":[{"name":"wp","href":"https:\/\/api.w.org\/{rel}","templated":true}]}}