{"id":5,"date":"2014-10-17T10:20:59","date_gmt":"2014-10-17T15:20:59","guid":{"rendered":"http:\/\/lapulguia.mx\/wp\/?page_id=5"},"modified":"2014-10-17T10:20:59","modified_gmt":"2014-10-17T15:20:59","slug":"ecologia-y-letras","status":"publish","type":"page","link":"http:\/\/lapulguia.mx\/wp\/?page_id=5","title":{"rendered":"Ecolog\u00eda y Letras"},"content":{"rendered":"<p>Hola, Bienvenidos a la p\u00e1gina en WordPress de Ecolog\u00eda y Letras.<\/p>\n<p>REVISTA:<\/p>\n<p>N\u00famero 1<\/p>\n<p>N\u00famero 2<\/p>\n","protected":false},"excerpt":{"rendered":"<p>Hola, Bienvenidos a la p\u00e1gina en WordPress de Ecolog\u00eda y Letras. REVISTA: N\u00famero 1 N\u00famero 2<\/p>\n","protected":false},"author":1,"featured_media":0,"parent":0,"menu_order":0,"comment_status":"open","ping_status":"open","template":"page-templates\/full-width.php","meta":[],"_links":{"self":[{"href":"http:\/\/lapulguia.mx\/wp\/index.php?rest_route=\/wp\/v2\/pages\/5"}],"collection":[{"href":"http:\/\/lapulguia.mx\/wp\/index.php?rest_route=\/wp\/v2\/pages"}],"about":[{"href":"http:\/\/lapulguia.mx\/wp\/index.php?rest_route=\/wp\/v2\/types\/page"}],"author":[{"embeddable":true,"href":"http:\/\/lapulguia.mx\/wp\/index.php?rest_route=\/wp\/v2\/users\/1"}],"replies":[{"embeddable":true,"href":"http:\/\/lapulguia.mx\/wp\/index.php?rest_route=%2Fwp%2Fv2%2Fcomments&post=5"}],"version-history":[{"count":2,"href":"http:\/\/lapulguia.mx\/wp\/index.php?rest_route=\/wp\/v2\/pages\/5\/revisions"}],"predecessor-version":[{"id":7,"href":"http:\/\/lapulguia.mx\/wp\/index.php?rest_route=\/wp\/v2\/pages\/5\/revisions\/7"}],"wp:attachment":[{"href":"http:\/\/lapulguia.mx\/wp\/index.php?rest_route=%2Fwp%2Fv2%2Fmedia&parent=5"}],"curies":[{"name":"wp","href":"https:\/\/api.w.org\/{rel}","templated":true}]}}